{"id":11,"date":"2018-12-10T13:31:18","date_gmt":"2018-12-10T12:31:18","guid":{"rendered":"http:\/\/richleacov.fr\/?page_id=11"},"modified":"2019-01-29T12:43:05","modified_gmt":"2019-01-29T11:43:05","slug":"works","status":"publish","type":"page","link":"https:\/\/richleacov.fr\/","title":{"rendered":"Atelier d&#8217;Ir\u00e8ne RICHLEACOV &#8211; MARLE D\u00e9couverte d&#8217;une peinture originale"},"content":{"rendered":"\n<div class=\"wp-block-media-text alignwide\"><figure class=\"wp-block-media-text__media\"><img loading=\"lazy\" decoding=\"async\" width=\"300\" height=\"255\" src=\"http:\/\/richleacov.fr\/wp-content\/uploads\/2018\/12\/irouchka-300x255.png\" alt=\"\" class=\"wp-image-156\"\/><\/figure><div class=\"wp-block-media-text__content\">\n<p style=\"text-align:left\">Cette artiste exceptionnellement \u00e9clectique, n\u2019a jamais voulu s\u2019enfermer durant toute sa longue carri\u00e8re, dans un m\u00eame genre. Vous d\u00e9couvrirez donc dans cette galerie, non exhaustive, une riche vari\u00e9t\u00e9 d\u2019\u0153uvres. Nous esp\u00e9rons que vous y passerez un bon moment, et pourquoi pas, acqu\u00e9rir le tableau qui vous convient. La navigation dans ce site est tr\u00e8s simple. Choisissez une cat\u00e9gorie pour voir les \u0153uvres qui y sont regroup\u00e9es. Cliquez sur une image afin de l\u2019agrandir et lire l\u2019article complet qui lui correspond. Un nouveau clic sur la cat\u00e9gorie vous affichera tous les tableaux de celle-ci.<\/p>\n<\/div><\/div>\n\n\n\n<p><\/p>\n","protected":false},"excerpt":{"rendered":"<p>Cette artiste exceptionnellement \u00e9clectique, n\u2019a jamais voulu s\u2019enfermer durant toute sa longue carri\u00e8re, dans un m\u00eame genre. Vous d\u00e9couvrirez donc dans cette galerie, non exhaustive, une riche vari\u00e9t\u00e9 d\u2019\u0153uvres. Nous esp\u00e9rons que vous y passerez [&hellip;]<\/p>\n","protected":false},"author":1,"featured_media":0,"parent":0,"menu_order":0,"comment_status":"closed","ping_status":"closed","template":"","meta":{"spay_email":"","footnotes":""},"_links":{"self":[{"href":"https:\/\/richleacov.fr\/index.php\/wp-json\/wp\/v2\/pages\/11"}],"collection":[{"href":"https:\/\/richleacov.fr\/index.php\/wp-json\/wp\/v2\/pages"}],"about":[{"href":"https:\/\/richleacov.fr\/index.php\/wp-json\/wp\/v2\/types\/page"}],"author":[{"embeddable":true,"href":"https:\/\/richleacov.fr\/index.php\/wp-json\/wp\/v2\/users\/1"}],"replies":[{"embeddable":true,"href":"https:\/\/richleacov.fr\/index.php\/wp-json\/wp\/v2\/comments?post=11"}],"version-history":[{"count":15,"href":"https:\/\/richleacov.fr\/index.php\/wp-json\/wp\/v2\/pages\/11\/revisions"}],"predecessor-version":[{"id":298,"href":"https:\/\/richleacov.fr\/index.php\/wp-json\/wp\/v2\/pages\/11\/revisions\/298"}],"wp:attachment":[{"href":"https:\/\/richleacov.fr\/index.php\/wp-json\/wp\/v2\/media?parent=11"}],"curies":[{"name":"wp","href":"https:\/\/api.w.org\/{rel}","templated":true}]}}